{"id":46,"date":"2015-03-21T10:20:18","date_gmt":"2015-03-21T10:20:18","guid":{"rendered":"https:\/\/alpimages.ch\/?page_id=46"},"modified":"2023-12-12T19:13:36","modified_gmt":"2023-12-12T19:13:36","slug":"louer-photo-booth","status":"publish","type":"page","link":"https:\/\/alpimages.ch\/en\/mariage\/louer-photo-booth\/","title":{"rendered":"Louer un photobooth"},"content":{"rendered":"<p>Les photobooth sont tr\u00e8s tendance pour les \u00e9v\u00e8nements, ils apportent \u00e0 la fois convivialit\u00e9, fou-rires et r\u00e9servent de belles surprises. C&rsquo;est ainsi l&rsquo;occasion de repartir avec de chouettes souvenirs \u00e0 la maison et de rendre vos soir\u00e9es inoubliables. De plus en plus d&rsquo;entreprises et de particuliers font appels \u00e0 ce service, ne tardez pas \u00e0 nous contacter pour organiser votre \u00e9v\u00e8nements et r\u00e9server un photobooth.<\/p>\n<p>Pour un devis ou plus d&rsquo;information, appelez le&nbsp;+41 27 771 7722&nbsp;ou contactez-nous par email <a href=\"mailto:alpimages@verbier.ch\">alpimages@verbier.ch<\/a><\/p>\n<div class=\"tiled-gallery type-rectangular tiled-gallery-unresized\" data-original-width=\"680\" data-carousel-extra='{&quot;blog_id&quot;:1,&quot;permalink&quot;:&quot;https:\\\/\\\/alpimages.ch\\\/en\\\/mariage\\\/louer-photo-booth\\\/&quot;,&quot;likes_blog_id&quot;:83808203}' itemscope itemtype=\"http:\/\/schema.org\/ImageGallery\" > <div class=\"gallery-row\" style=\"width: 680px; height: 486px;\" data-original-width=\"680\" data-original-height=\"486\" > <div class=\"gallery-group images-2\" style=\"width: 354px; height: 486px;\" data-original-width=\"354\" data-original-height=\"486\" > <div class=\"tiled-gallery-item tiled-gallery-item-large\" itemprop=\"associatedMedia\" itemscope itemtype=\"http:\/\/schema.org\/ImageObject\"> <a href=\"https:\/\/alpimages.ch\/en\/mariage\/louer-photo-booth\/alpimages-thomas-roulin-7789\/\" border=\"0\" itemprop=\"url\"> <meta itemprop=\"width\" content=\"350\"> <meta itemprop=\"height\" content=\"234\"> <img decoding=\"async\" class=\"\" data-attachment-id=\"7632\" data-orig-file=\"https:\/\/alpimages.ch\/wp-content\/uploads\/2020\/04\/\u00a9Alpimages-Thomas-Roulin-7789.jpg\" data-orig-size=\"4500,3003\" data-comments-opened=\"\" data-image-meta=\"{&quot;aperture&quot;:&quot;5.6&quot;,&quot;credit&quot;:&quot;&quot;,&quot;camera&quot;:&quot;NIKON D810&quot;,&quot;caption&quot;:&quot;&quot;,&quot;created_timestamp&quot;:&quot;1543701779&quot;,&quot;copyright&quot;:&quot;&quot;,&quot;focal_length&quot;:&quot;27&quot;,&quot;iso&quot;:&quot;1250&quot;,&quot;shutter_speed&quot;:&quot;0.016666666666667&quot;,&quot;title&quot;:&quot;&quot;,&quot;orientation&quot;:&quot;0&quot;}\" data-image-title=\"\u00a9Alpimages-Thomas Roulin-7789\" data-image-description=\"\" data-medium-file=\"https:\/\/i0.wp.com\/alpimages.ch\/wp-content\/uploads\/2020\/04\/%C2%A9Alpimages-Thomas-Roulin-7789.jpg?fit=300%2C200&#038;ssl=1\" data-large-file=\"https:\/\/i0.wp.com\/alpimages.ch\/wp-content\/uploads\/2020\/04\/%C2%A9Alpimages-Thomas-Roulin-7789.jpg?fit=680%2C454&#038;ssl=1\" src=\"https:\/\/i0.wp.com\/alpimages.ch\/wp-content\/uploads\/2020\/04\/%C2%A9Alpimages-Thomas-Roulin-7789.jpg?w=350&#038;h=234&#038;ssl=1\" width=\"350\" height=\"234\" loading=\"lazy\" data-original-width=\"350\" data-original-height=\"234\" itemprop=\"http:\/\/schema.org\/image\" title=\"\u00a9Alpimages-Thomas Roulin-7789\" alt=\"\u00a9Alpimages-Thomas Roulin-7789\" style=\"width: 350px; height: 234px;\" \/> <\/a> <\/div> <div class=\"tiled-gallery-item tiled-gallery-item-large\" itemprop=\"associatedMedia\" itemscope itemtype=\"http:\/\/schema.org\/ImageObject\"> <a href=\"https:\/\/alpimages.ch\/en\/mariage\/louer-photo-booth\/alpimages-thomas-roulin-4523-2\/\" border=\"0\" itemprop=\"url\"> <meta itemprop=\"width\" content=\"350\"> <meta itemprop=\"height\" content=\"244\"> <img decoding=\"async\" class=\"\" data-attachment-id=\"7631\" data-orig-file=\"https:\/\/alpimages.ch\/wp-content\/uploads\/2020\/04\/\u00a9Alpimages-Thomas-Roulin-4523.jpg\" data-orig-size=\"3000,2090\" data-comments-opened=\"\" data-image-meta=\"{&quot;aperture&quot;:&quot;2.8&quot;,&quot;credit&quot;:&quot;&quot;,&quot;camera&quot;:&quot;NIKON D800&quot;,&quot;caption&quot;:&quot;&quot;,&quot;created_timestamp&quot;:&quot;1543697964&quot;,&quot;copyright&quot;:&quot;&quot;,&quot;focal_length&quot;:&quot;35&quot;,&quot;iso&quot;:&quot;2000&quot;,&quot;shutter_speed&quot;:&quot;0.0125&quot;,&quot;title&quot;:&quot;&quot;,&quot;orientation&quot;:&quot;0&quot;}\" data-image-title=\"\u00a9Alpimages-Thomas Roulin-4523\" data-image-description=\"\" data-medium-file=\"https:\/\/i0.wp.com\/alpimages.ch\/wp-content\/uploads\/2020\/04\/%C2%A9Alpimages-Thomas-Roulin-4523.jpg?fit=300%2C209&#038;ssl=1\" data-large-file=\"https:\/\/i0.wp.com\/alpimages.ch\/wp-content\/uploads\/2020\/04\/%C2%A9Alpimages-Thomas-Roulin-4523.jpg?fit=680%2C473&#038;ssl=1\" src=\"https:\/\/i0.wp.com\/alpimages.ch\/wp-content\/uploads\/2020\/04\/%C2%A9Alpimages-Thomas-Roulin-4523.jpg?w=350&#038;h=244&#038;ssl=1\" width=\"350\" height=\"244\" loading=\"lazy\" data-original-width=\"350\" data-original-height=\"244\" itemprop=\"http:\/\/schema.org\/image\" title=\"\u00a9Alpimages-Thomas Roulin-4523\" alt=\"\u00a9Alpimages-Thomas Roulin-4523\" style=\"width: 350px; height: 244px;\" \/> <\/a> <\/div> <\/div> <!-- close group --> <div class=\"gallery-group images-1\" style=\"width: 326px; height: 486px;\" data-original-width=\"326\" data-original-height=\"486\" > <div class=\"tiled-gallery-item tiled-gallery-item-large\" itemprop=\"associatedMedia\" itemscope itemtype=\"http:\/\/schema.org\/ImageObject\"> <a href=\"https:\/\/alpimages.ch\/en\/photographie-sport\/alpimages-thomas-roulin-5331-copie\/\" border=\"0\" itemprop=\"url\"> <meta itemprop=\"width\" content=\"322\"> <meta itemprop=\"height\" content=\"482\"> <img decoding=\"async\" class=\"\" data-attachment-id=\"1062\" data-orig-file=\"https:\/\/alpimages.ch\/wp-content\/uploads\/2017\/12\/c2a9alpimages-thomas-roulin-5331-copie.jpg\" data-orig-size=\"2365,3543\" data-comments-opened=\"\" data-image-meta=\"{&quot;aperture&quot;:&quot;5.6&quot;,&quot;credit&quot;:&quot;&quot;,&quot;camera&quot;:&quot;NIKON D800&quot;,&quot;caption&quot;:&quot;&quot;,&quot;created_timestamp&quot;:&quot;1498937829&quot;,&quot;copyright&quot;:&quot;&quot;,&quot;focal_length&quot;:&quot;20&quot;,&quot;iso&quot;:&quot;1600&quot;,&quot;shutter_speed&quot;:&quot;0.05&quot;,&quot;title&quot;:&quot;&quot;,&quot;orientation&quot;:&quot;1&quot;}\" data-image-title=\"\u00a9Alpimages Thomas Roulin-5331 copie\" data-image-description=\"\" data-medium-file=\"https:\/\/i0.wp.com\/alpimages.ch\/wp-content\/uploads\/2017\/12\/c2a9alpimages-thomas-roulin-5331-copie.jpg?fit=200%2C300&#038;ssl=1\" data-large-file=\"https:\/\/i0.wp.com\/alpimages.ch\/wp-content\/uploads\/2017\/12\/c2a9alpimages-thomas-roulin-5331-copie.jpg?fit=680%2C1019&#038;ssl=1\" src=\"https:\/\/i0.wp.com\/alpimages.ch\/wp-content\/uploads\/2017\/12\/c2a9alpimages-thomas-roulin-5331-copie.jpg?w=322&#038;h=482&#038;ssl=1\" width=\"322\" height=\"482\" loading=\"lazy\" data-original-width=\"322\" data-original-height=\"482\" itemprop=\"http:\/\/schema.org\/image\" title=\"\u00a9Alpimages Thomas Roulin-5331 copie\" alt=\"\u00a9Alpimages Thomas Roulin-5331 copie\" style=\"width: 322px; height: 482px;\" \/> <\/a> <\/div> <\/div> <!-- close group --> <\/div> <!-- close row --> <div class=\"gallery-row\" style=\"width: 680px; height: 304px;\" data-original-width=\"680\" data-original-height=\"304\" > <div class=\"gallery-group images-1\" style=\"width: 454px; height: 304px;\" data-original-width=\"454\" data-original-height=\"304\" > <div class=\"tiled-gallery-item tiled-gallery-item-large\" itemprop=\"associatedMedia\" itemscope itemtype=\"http:\/\/schema.org\/ImageObject\"> <a href=\"https:\/\/alpimages.ch\/en\/photographie-sport\/alpimages-thomas-roulin-5292\/\" border=\"0\" itemprop=\"url\"> <meta itemprop=\"width\" content=\"450\"> <meta itemprop=\"height\" content=\"300\"> <img decoding=\"async\" class=\"\" data-attachment-id=\"1061\" data-orig-file=\"https:\/\/alpimages.ch\/wp-content\/uploads\/2017\/12\/c2a9alpimages-thomas-roulin-5292.jpg\" data-orig-size=\"3543,2365\" data-comments-opened=\"\" data-image-meta=\"{&quot;aperture&quot;:&quot;7.1&quot;,&quot;credit&quot;:&quot;&quot;,&quot;camera&quot;:&quot;NIKON D800&quot;,&quot;caption&quot;:&quot;&quot;,&quot;created_timestamp&quot;:&quot;1498936636&quot;,&quot;copyright&quot;:&quot;&quot;,&quot;focal_length&quot;:&quot;20&quot;,&quot;iso&quot;:&quot;1600&quot;,&quot;shutter_speed&quot;:&quot;0.05&quot;,&quot;title&quot;:&quot;&quot;,&quot;orientation&quot;:&quot;0&quot;}\" data-image-title=\"\u00a9Alpimages Thomas Roulin-5292\" data-image-description=\"\" data-medium-file=\"https:\/\/i0.wp.com\/alpimages.ch\/wp-content\/uploads\/2017\/12\/c2a9alpimages-thomas-roulin-5292.jpg?fit=300%2C200&#038;ssl=1\" data-large-file=\"https:\/\/i0.wp.com\/alpimages.ch\/wp-content\/uploads\/2017\/12\/c2a9alpimages-thomas-roulin-5292.jpg?fit=680%2C454&#038;ssl=1\" src=\"https:\/\/i0.wp.com\/alpimages.ch\/wp-content\/uploads\/2017\/12\/c2a9alpimages-thomas-roulin-5292.jpg?w=450&#038;h=300&#038;ssl=1\" width=\"450\" height=\"300\" loading=\"lazy\" data-original-width=\"450\" data-original-height=\"300\" itemprop=\"http:\/\/schema.org\/image\" title=\"\u00a9Alpimages Thomas Roulin-5292\" alt=\"\u00a9Alpimages Thomas Roulin-5292\" style=\"width: 450px; height: 300px;\" \/> <\/a> <\/div> <\/div> <!-- close group --> <div class=\"gallery-group images-2\" style=\"width: 226px; height: 304px;\" data-original-width=\"226\" data-original-height=\"304\" > <div class=\"tiled-gallery-item tiled-gallery-item-small\" itemprop=\"associatedMedia\" itemscope itemtype=\"http:\/\/schema.org\/ImageObject\"> <a href=\"https:\/\/alpimages.ch\/en\/mariage\/louer-photo-booth\/js0_0751\/\" border=\"0\" itemprop=\"url\"> <meta itemprop=\"width\" content=\"222\"> <meta itemprop=\"height\" content=\"148\"> <img decoding=\"async\" class=\"\" data-attachment-id=\"1813\" data-orig-file=\"https:\/\/alpimages.ch\/wp-content\/uploads\/2018\/11\/JS0_0751.jpg\" data-orig-size=\"5199,3471\" data-comments-opened=\"\" data-image-meta=\"{&quot;aperture&quot;:&quot;7.1&quot;,&quot;credit&quot;:&quot;&quot;,&quot;camera&quot;:&quot;NIKON D600&quot;,&quot;caption&quot;:&quot;&quot;,&quot;created_timestamp&quot;:&quot;1521941360&quot;,&quot;copyright&quot;:&quot;&quot;,&quot;focal_length&quot;:&quot;31&quot;,&quot;iso&quot;:&quot;500&quot;,&quot;shutter_speed&quot;:&quot;0.005&quot;,&quot;title&quot;:&quot;&quot;,&quot;orientation&quot;:&quot;1&quot;}\" data-image-title=\"JS0_0751\" data-image-description=\"\" data-medium-file=\"https:\/\/i0.wp.com\/alpimages.ch\/wp-content\/uploads\/2018\/11\/JS0_0751.jpg?fit=300%2C200&#038;ssl=1\" data-large-file=\"https:\/\/i0.wp.com\/alpimages.ch\/wp-content\/uploads\/2018\/11\/JS0_0751.jpg?fit=680%2C454&#038;ssl=1\" src=\"https:\/\/i0.wp.com\/alpimages.ch\/wp-content\/uploads\/2018\/11\/JS0_0751.jpg?w=222&#038;h=148&#038;ssl=1\" srcset=\"https:\/\/i0.wp.com\/alpimages.ch\/wp-content\/uploads\/2018\/11\/JS0_0751.jpg?w=5199&amp;ssl=1 5199w, https:\/\/i0.wp.com\/alpimages.ch\/wp-content\/uploads\/2018\/11\/JS0_0751.jpg?resize=150%2C100&amp;ssl=1 150w, https:\/\/i0.wp.com\/alpimages.ch\/wp-content\/uploads\/2018\/11\/JS0_0751.jpg?resize=300%2C200&amp;ssl=1 300w, https:\/\/i0.wp.com\/alpimages.ch\/wp-content\/uploads\/2018\/11\/JS0_0751.jpg?resize=768%2C513&amp;ssl=1 768w, https:\/\/i0.wp.com\/alpimages.ch\/wp-content\/uploads\/2018\/11\/JS0_0751.jpg?resize=1024%2C684&amp;ssl=1 1024w, https:\/\/i0.wp.com\/alpimages.ch\/wp-content\/uploads\/2018\/11\/JS0_0751.jpg?resize=317%2C212&amp;ssl=1 317w, https:\/\/i0.wp.com\/alpimages.ch\/wp-content\/uploads\/2018\/11\/JS0_0751.jpg?w=1360&amp;ssl=1 1360w, https:\/\/i0.wp.com\/alpimages.ch\/wp-content\/uploads\/2018\/11\/JS0_0751.jpg?w=2040&amp;ssl=1 2040w\" width=\"222\" height=\"148\" loading=\"lazy\" data-original-width=\"222\" data-original-height=\"148\" itemprop=\"http:\/\/schema.org\/image\" title=\"JS0_0751\" alt=\"JS0_0751\" style=\"width: 222px; height: 148px;\" \/> <\/a> <\/div> <div class=\"tiled-gallery-item tiled-gallery-item-small\" itemprop=\"associatedMedia\" itemscope itemtype=\"http:\/\/schema.org\/ImageObject\"> <a href=\"https:\/\/alpimages.ch\/en\/mariage\/louer-photo-booth\/js0_0821\/\" border=\"0\" itemprop=\"url\"> <meta itemprop=\"width\" content=\"222\"> <meta itemprop=\"height\" content=\"148\"> <img decoding=\"async\" class=\"\" data-attachment-id=\"1814\" data-orig-file=\"https:\/\/alpimages.ch\/wp-content\/uploads\/2018\/11\/JS0_0821.jpg\" data-orig-size=\"5268,3517\" data-comments-opened=\"\" data-image-meta=\"{&quot;aperture&quot;:&quot;7.1&quot;,&quot;credit&quot;:&quot;&quot;,&quot;camera&quot;:&quot;NIKON D600&quot;,&quot;caption&quot;:&quot;&quot;,&quot;created_timestamp&quot;:&quot;1521942924&quot;,&quot;copyright&quot;:&quot;&quot;,&quot;focal_length&quot;:&quot;35&quot;,&quot;iso&quot;:&quot;500&quot;,&quot;shutter_speed&quot;:&quot;0.005&quot;,&quot;title&quot;:&quot;&quot;,&quot;orientation&quot;:&quot;1&quot;}\" data-image-title=\"JS0_0821\" data-image-description=\"\" data-medium-file=\"https:\/\/i0.wp.com\/alpimages.ch\/wp-content\/uploads\/2018\/11\/JS0_0821.jpg?fit=300%2C200&#038;ssl=1\" data-large-file=\"https:\/\/i0.wp.com\/alpimages.ch\/wp-content\/uploads\/2018\/11\/JS0_0821.jpg?fit=680%2C454&#038;ssl=1\" src=\"https:\/\/i0.wp.com\/alpimages.ch\/wp-content\/uploads\/2018\/11\/JS0_0821.jpg?w=222&#038;h=148&#038;ssl=1\" srcset=\"https:\/\/i0.wp.com\/alpimages.ch\/wp-content\/uploads\/2018\/11\/JS0_0821.jpg?w=5268&amp;ssl=1 5268w, https:\/\/i0.wp.com\/alpimages.ch\/wp-content\/uploads\/2018\/11\/JS0_0821.jpg?resize=150%2C100&amp;ssl=1 150w, https:\/\/i0.wp.com\/alpimages.ch\/wp-content\/uploads\/2018\/11\/JS0_0821.jpg?resize=300%2C200&amp;ssl=1 300w, https:\/\/i0.wp.com\/alpimages.ch\/wp-content\/uploads\/2018\/11\/JS0_0821.jpg?resize=768%2C513&amp;ssl=1 768w, https:\/\/i0.wp.com\/alpimages.ch\/wp-content\/uploads\/2018\/11\/JS0_0821.jpg?resize=1024%2C684&amp;ssl=1 1024w, https:\/\/i0.wp.com\/alpimages.ch\/wp-content\/uploads\/2018\/11\/JS0_0821.jpg?resize=317%2C212&amp;ssl=1 317w, https:\/\/i0.wp.com\/alpimages.ch\/wp-content\/uploads\/2018\/11\/JS0_0821.jpg?w=1360&amp;ssl=1 1360w, https:\/\/i0.wp.com\/alpimages.ch\/wp-content\/uploads\/2018\/11\/JS0_0821.jpg?w=2040&amp;ssl=1 2040w\" width=\"222\" height=\"148\" loading=\"lazy\" data-original-width=\"222\" data-original-height=\"148\" itemprop=\"http:\/\/schema.org\/image\" title=\"JS0_0821\" alt=\"JS0_0821\" style=\"width: 222px; height: 148px;\" \/> <\/a> <\/div> <\/div> <!-- close group --> <\/div> <!-- close row --> <\/div>","protected":false},"excerpt":{"rendered":"<p>Les photobooth sont tr\u00e8s tendance pour les \u00e9v\u00e8nements, ils apportent \u00e0 la fois convivialit\u00e9, fou-rires et r\u00e9servent de belles surprises. C&rsquo;est ainsi l&rsquo;occasion de repartir avec de chouettes souvenirs \u00e0 la maison et de rendre vos soir\u00e9es inoubliables. De plus en plus d&rsquo;entreprises et de particuliers font appels \u00e0 ce service, ne tardez pas \u00e0 [&hellip;]<\/p>\n","protected":false},"author":1,"featured_media":0,"parent":33,"menu_order":0,"comment_status":"closed","ping_status":"open","template":"page-full-width.php","meta":{"ngg_post_thumbnail":0,"jetpack_post_was_ever_published":false,"footnotes":""},"tags":[],"class_list":["post-46","page","type-page","status-publish","hentry"],"yoast_head":"<!-- This site is optimized with the Yoast SEO plugin v27.3 - https:\/\/yoast.com\/product\/yoast-seo-wordpress\/ -->\n<title>Louer un photobooth - Photographes professionnels - Galerie photos &amp; affiches - Verbier<\/title>\n<meta name=\"description\" content=\"Louez un photobooth avec Alpimages pour immortaliser vos \u00e9v\u00e8nements et garder en photo vos plus beaux souvenirs.\" \/>\n<meta name=\"robots\" content=\"index, follow, max-snippet:-1, max-image-preview:large, max-video-preview:-1\" \/>\n<link rel=\"canonical\" href=\"https:\/\/alpimages.ch\/en\/mariage\/louer-photo-booth\/\" \/>\n<meta property=\"og:locale\" content=\"en_US\" \/>\n<meta property=\"og:type\" content=\"article\" \/>\n<meta property=\"og:title\" content=\"Louer un photobooth - Photographes professionnels - Galerie photos &amp; affiches - Verbier\" \/>\n<meta property=\"og:description\" content=\"Louez un photobooth avec Alpimages pour immortaliser vos \u00e9v\u00e8nements et garder en photo vos plus beaux souvenirs.\" \/>\n<meta property=\"og:url\" content=\"https:\/\/alpimages.ch\/en\/mariage\/louer-photo-booth\/\" \/>\n<meta property=\"og:site_name\" content=\"Photographes professionnels - Galerie photos &amp; affiches - Verbier\" \/>\n<meta property=\"article:modified_time\" content=\"2023-12-12T19:13:36+00:00\" \/>\n<meta property=\"og:image\" content=\"https:\/\/i0.wp.com\/alpimages.ch\/wp-content\/uploads\/2020\/04\/\u00a9Alpimages-Thomas-Roulin-7789.jpg?w=350&#038;h=234&#038;ssl=1\" \/>\n<meta name=\"twitter:card\" content=\"summary_large_image\" \/>\n<meta name=\"twitter:label1\" content=\"Est. reading time\" \/>\n\t<meta name=\"twitter:data1\" content=\"1 minute\" \/>\n<script type=\"application\/ld+json\" class=\"yoast-schema-graph\">{\"@context\":\"https:\\\/\\\/schema.org\",\"@graph\":[{\"@type\":\"WebPage\",\"@id\":\"https:\\\/\\\/alpimages.ch\\\/mariage\\\/louer-photo-booth\\\/\",\"url\":\"https:\\\/\\\/alpimages.ch\\\/mariage\\\/louer-photo-booth\\\/\",\"name\":\"Louer un photobooth - Photographes professionnels - Galerie photos &amp; affiches - Verbier\",\"isPartOf\":{\"@id\":\"https:\\\/\\\/alpimages.ch\\\/#website\"},\"datePublished\":\"2015-03-21T10:20:18+00:00\",\"dateModified\":\"2023-12-12T19:13:36+00:00\",\"description\":\"Louez un photobooth avec Alpimages pour immortaliser vos \u00e9v\u00e8nements et garder en photo vos plus beaux souvenirs.\",\"breadcrumb\":{\"@id\":\"https:\\\/\\\/alpimages.ch\\\/mariage\\\/louer-photo-booth\\\/#breadcrumb\"},\"inLanguage\":\"en-US\",\"potentialAction\":[{\"@type\":\"ReadAction\",\"target\":[\"https:\\\/\\\/alpimages.ch\\\/mariage\\\/louer-photo-booth\\\/\"]}]},{\"@type\":\"BreadcrumbList\",\"@id\":\"https:\\\/\\\/alpimages.ch\\\/mariage\\\/louer-photo-booth\\\/#breadcrumb\",\"itemListElement\":[{\"@type\":\"ListItem\",\"position\":1,\"name\":\"Accueil\",\"item\":\"https:\\\/\\\/alpimages.ch\\\/\"},{\"@type\":\"ListItem\",\"position\":2,\"name\":\"Mariage\",\"item\":\"https:\\\/\\\/alpimages.ch\\\/mariage\\\/\"},{\"@type\":\"ListItem\",\"position\":3,\"name\":\"Louer un photobooth\"}]},{\"@type\":\"WebSite\",\"@id\":\"https:\\\/\\\/alpimages.ch\\\/#website\",\"url\":\"https:\\\/\\\/alpimages.ch\\\/\",\"name\":\"Photographes professionnels - Galerie photos &amp; affiches - Verbier\",\"description\":\"Photographes professionnels bas\u00e9s \u00e0 Verbier, nous offrons diff\u00e9rents services comme l&#039;impression photo, l&#039;encadrement, la vente d&#039;affiches et de posters et l&#039;organisation d&#039;\u00e9v\u00e8nements priv\u00e9s.\",\"potentialAction\":[{\"@type\":\"SearchAction\",\"target\":{\"@type\":\"EntryPoint\",\"urlTemplate\":\"https:\\\/\\\/alpimages.ch\\\/?s={search_term_string}\"},\"query-input\":{\"@type\":\"PropertyValueSpecification\",\"valueRequired\":true,\"valueName\":\"search_term_string\"}}],\"inLanguage\":\"en-US\"}]}<\/script>\n<!-- \/ Yoast SEO plugin. -->","yoast_head_json":{"title":"Louer un photobooth - Photographes professionnels - Galerie photos &amp; affiches - Verbier","description":"Louez un photobooth avec Alpimages pour immortaliser vos \u00e9v\u00e8nements et garder en photo vos plus beaux souvenirs.","robots":{"index":"index","follow":"follow","max-snippet":"max-snippet:-1","max-image-preview":"max-image-preview:large","max-video-preview":"max-video-preview:-1"},"canonical":"https:\/\/alpimages.ch\/en\/mariage\/louer-photo-booth\/","og_locale":"en_US","og_type":"article","og_title":"Louer un photobooth - Photographes professionnels - Galerie photos &amp; affiches - Verbier","og_description":"Louez un photobooth avec Alpimages pour immortaliser vos \u00e9v\u00e8nements et garder en photo vos plus beaux souvenirs.","og_url":"https:\/\/alpimages.ch\/en\/mariage\/louer-photo-booth\/","og_site_name":"Photographes professionnels - Galerie photos &amp; affiches - Verbier","article_modified_time":"2023-12-12T19:13:36+00:00","og_image":[{"url":"https:\/\/i0.wp.com\/alpimages.ch\/wp-content\/uploads\/2020\/04\/\u00a9Alpimages-Thomas-Roulin-7789.jpg?w=350&#038;h=234&#038;ssl=1","type":"","width":"","height":""}],"twitter_card":"summary_large_image","twitter_misc":{"Est. reading time":"1 minute"},"schema":{"@context":"https:\/\/schema.org","@graph":[{"@type":"WebPage","@id":"https:\/\/alpimages.ch\/mariage\/louer-photo-booth\/","url":"https:\/\/alpimages.ch\/mariage\/louer-photo-booth\/","name":"Louer un photobooth - Photographes professionnels - Galerie photos &amp; affiches - Verbier","isPartOf":{"@id":"https:\/\/alpimages.ch\/#website"},"datePublished":"2015-03-21T10:20:18+00:00","dateModified":"2023-12-12T19:13:36+00:00","description":"Louez un photobooth avec Alpimages pour immortaliser vos \u00e9v\u00e8nements et garder en photo vos plus beaux souvenirs.","breadcrumb":{"@id":"https:\/\/alpimages.ch\/mariage\/louer-photo-booth\/#breadcrumb"},"inLanguage":"en-US","potentialAction":[{"@type":"ReadAction","target":["https:\/\/alpimages.ch\/mariage\/louer-photo-booth\/"]}]},{"@type":"BreadcrumbList","@id":"https:\/\/alpimages.ch\/mariage\/louer-photo-booth\/#breadcrumb","itemListElement":[{"@type":"ListItem","position":1,"name":"Accueil","item":"https:\/\/alpimages.ch\/"},{"@type":"ListItem","position":2,"name":"Mariage","item":"https:\/\/alpimages.ch\/mariage\/"},{"@type":"ListItem","position":3,"name":"Louer un photobooth"}]},{"@type":"WebSite","@id":"https:\/\/alpimages.ch\/#website","url":"https:\/\/alpimages.ch\/","name":"Photographes professionnels - Galerie photos &amp; affiches - Verbier","description":"Photographes professionnels bas\u00e9s \u00e0 Verbier, nous offrons diff\u00e9rents services comme l&#039;impression photo, l&#039;encadrement, la vente d&#039;affiches et de posters et l&#039;organisation d&#039;\u00e9v\u00e8nements priv\u00e9s.","potentialAction":[{"@type":"SearchAction","target":{"@type":"EntryPoint","urlTemplate":"https:\/\/alpimages.ch\/?s={search_term_string}"},"query-input":{"@type":"PropertyValueSpecification","valueRequired":true,"valueName":"search_term_string"}}],"inLanguage":"en-US"}]}},"jetpack_sharing_enabled":true,"jetpack_shortlink":"https:\/\/wp.me\/P5FEld-K","jetpack_likes_enabled":true,"_links":{"self":[{"href":"https:\/\/alpimages.ch\/en\/wp-json\/wp\/v2\/pages\/46","targetHints":{"allow":["GET"]}}],"collection":[{"href":"https:\/\/alpimages.ch\/en\/wp-json\/wp\/v2\/pages"}],"about":[{"href":"https:\/\/alpimages.ch\/en\/wp-json\/wp\/v2\/types\/page"}],"author":[{"embeddable":true,"href":"https:\/\/alpimages.ch\/en\/wp-json\/wp\/v2\/users\/1"}],"replies":[{"embeddable":true,"href":"https:\/\/alpimages.ch\/en\/wp-json\/wp\/v2\/comments?post=46"}],"version-history":[{"count":11,"href":"https:\/\/alpimages.ch\/en\/wp-json\/wp\/v2\/pages\/46\/revisions"}],"predecessor-version":[{"id":11435,"href":"https:\/\/alpimages.ch\/en\/wp-json\/wp\/v2\/pages\/46\/revisions\/11435"}],"up":[{"embeddable":true,"href":"https:\/\/alpimages.ch\/en\/wp-json\/wp\/v2\/pages\/33"}],"wp:attachment":[{"href":"https:\/\/alpimages.ch\/en\/wp-json\/wp\/v2\/media?parent=46"}],"wp:term":[{"taxonomy":"post_tag","embeddable":true,"href":"https:\/\/alpimages.ch\/en\/wp-json\/wp\/v2\/tags?post=46"}],"curies":[{"name":"wp","href":"https:\/\/api.w.org\/{rel}","templated":true}]}}